{"id":701,"date":"2014-10-12T15:29:15","date_gmt":"2014-10-12T07:29:15","guid":{"rendered":"http:\/\/www.savoirecrire.fr\/petitcarnetdasie\/?page_id=701"},"modified":"2014-10-31T20:17:25","modified_gmt":"2014-10-31T12:17:25","slug":"notre-arrivee-a-lombok","status":"publish","type":"page","link":"http:\/\/www.savoirecrire.fr\/petitcarnetdasie\/?page_id=701","title":{"rendered":"Notre arriv\u00e9e \u00e0 Lombok"},"content":{"rendered":"<p style=\"text-align: justify;\"><img loading=\"lazy\" class=\"wp-image-733 size-full aligncenter\" src=\"http:\/\/www.savoirecrire.fr\/petitcarnetdasie\/wp-content\/uploads\/2014\/10\/d\u00e9part-pour-Lombok.jpg\" alt=\"d\u00e9part pour Lombok\" width=\"1024\" height=\"768\" srcset=\"http:\/\/www.savoirecrire.fr\/petitcarnetdasie\/wp-content\/uploads\/2014\/10\/d\u00e9part-pour-Lombok.jpg 1024w, http:\/\/www.savoirecrire.fr\/petitcarnetdasie\/wp-content\/uploads\/2014\/10\/d\u00e9part-pour-Lombok-300x225.jpg 300w\" sizes=\"(max-width: 1024px) 100vw, 1024px\" \/><\/p>\n<p style=\"text-align: justify;\">Nous d\u00e9jeunons \u00e0 l\u2019a\u00e9roport de KL, avant d&#8217;embarquer\u00a0pour Mataram. C\u2019est un vol Air Asia. A l\u2019int\u00e9rieur de l\u2019avion, \u00e7a sent fort le cuir, un peu comme le souk de Marrakech. Je pense que le rev\u00eatement des si\u00e8ges ne supporte pas avec la chaleur humide. Nos places sont situ\u00e9es un peu \u00e0 l\u2019arri\u00e8re des ailes. Je m\u2019assois pr\u00e8s du hublot, c\u2019est un peu \u00e9troit. Apr\u00e8s le d\u00e9collage, je profite du calme pour corriger une dizaine de pages qu\u2019une \u00e9l\u00e8ve m\u2019a envoy\u00e9es en urgence quelques heures auparavant. Je suis tr\u00e8s concentr\u00e9e et je n\u2019\u00e9coute plus les blagues de Th\u00e9ophile. Quelques minutes avant l\u2019atterrissage, mon \u0153il est attir\u00e9 par le ciel azur et les couleurs d\u2019un coucher de soleil. La lumi\u00e8re est exceptionnelle. Je sors mon appareil photo avant qu\u2019il ne soit trop tard et je prends l\u2019aile de l\u2019avion. Cet instant est magique, je le savoure seule comme une \u00e9go\u00efste.<\/p>\n<p><a href=\"http:\/\/www.savoirecrire.fr\/petitcarnetdasie\/wp-content\/uploads\/2014\/10\/aile-avion-page.jpg\"><img loading=\"lazy\" class=\"aligncenter wp-image-763 size-full\" src=\"http:\/\/www.savoirecrire.fr\/petitcarnetdasie\/wp-content\/uploads\/2014\/10\/aile-avion-page.jpg\" alt=\"aile avion page\" width=\"1024\" height=\"768\" srcset=\"http:\/\/www.savoirecrire.fr\/petitcarnetdasie\/wp-content\/uploads\/2014\/10\/aile-avion-page.jpg 1024w, http:\/\/www.savoirecrire.fr\/petitcarnetdasie\/wp-content\/uploads\/2014\/10\/aile-avion-page-300x225.jpg 300w\" sizes=\"(max-width: 1024px) 100vw, 1024px\" \/><\/a><\/p>\n<p style=\"text-align: justify;\">L\u2019atterrissage se passe parfaitement et nous d\u00e9barquons. Je suis la derni\u00e8re \u00e0 sortir de l\u2019avion. Au contr\u00f4le de police, les\u00a0passagers du vol font la queue le passeport \u00e0 la main. Je remarque qu&rsquo;il n&rsquo;y a essentiellement que des Indon\u00e9siens. Nous sommes probablement les seuls europ\u00e9ens. Un policier nous fait\u00a0passer chacun notre tour. Je me demande comment se d\u00e9brouille Th\u00e9ophile seul avec son policier. Le mien regarde mon passeport et me dit en me montrant du doigt la gu\u00e9rite en verre \u00ab\u00a0You have to pay a tourist visa.\u00a0\u00bb Je jette un \u0153il vers Thierry qui me rejoint accompagn\u00e9 de Th\u00e9ophile. Derri\u00e8re son mur de verre, un officier nous annonce que c\u2019est 25USD par personne. Thierry paye l\u2019\u00e9quivalent en euros. La salle de police s&rsquo;est vid\u00e9e en un temps record, et nous sommes les derniers \u00e0 passer le contr\u00f4le. \u00c7a ne prendra heureusement que quelques secondes\u2026 Tant mieux, car nous n&rsquo;avons qu&rsquo;un billet aller. Ils auraient pu nous exiger le retour. Ouf !<\/p>\n<p style=\"text-align: justify;\">Direction la sortie de l&rsquo;a\u00e9roport. C&rsquo;est l&rsquo;effervescence en pleine nuit. Derri\u00e8re les barri\u00e8res, des gens nous appellent avec de grands signes : \u00ab\u00a0Taxi ? Taxi ?\u00a0\u00bb. C&rsquo;est un peu stressant surtout quand on est fatigu\u00e9s. Nous avons r\u00e9serv\u00e9 un grand taxi. Le chauffeur nous fait attendre quelques minutes, le temps d&rsquo;aller chercher son v\u00e9hicule. L&rsquo;air est chaud, \u00e7a sent l&rsquo;encens. Une fois les valises charg\u00e9es, nous prenons la direction du sud de l&rsquo;\u00eele : Kuta. Nous essayons de distinguer le paysage, mais les routes ne sont pas \u00e9clair\u00e9es. La route est peu large \u00e0 certains endroits, mais notre chauffeur local conna\u00eet bien son \u00eele. Il nous d\u00e9pose devant l&rsquo;h\u00f4tel Hammer Head. Nous sommes bien accueillis, et le check-in est rapide. Nous avons cette fois chacun notre chambre. Th\u00e9ophile est bienheureux : une grande et jolie chambre, salle de bains attenante, pour lui seul. Par contre, nous rencontrons des difficult\u00e9s avec\u00a0le WIFI.<\/p>\n<h1 style=\"text-align: justify;\">KuTa LomBoK<\/h1>\n<p style=\"text-align: justify;\">Kuta Lombok, \u00e0 ne pas confondre avec Kuta, son homonyme balinais, est un village baln\u00e9aire ouvert sur l&rsquo;Oc\u00e9an Indien. Nous le d\u00e9couvrons le lendemain matin. Peu de voitures circulent, par contre les\u00a0scooters et les petites motos sont LE moyen de locomotion. Le bourg est assez bruyant, certains jeunes ont trafiqu\u00e9 leur pot d&rsquo;\u00e9chappement et roulent un peu n&rsquo;importe comment. Les \u00e9choppes succ\u00e8dent aux restaurants, et plusieurs chemins m\u00e8nent \u00e0 la plage. L&rsquo;ambiance est tr\u00e8s d\u00e9contract\u00e9e, les jeunes touristes \u00ab\u00a0rasta\u00a0\u00bb sont partout, Peace and love. Cool !<\/p>\n<p style=\"text-align: justify;\">La plage de Kuta village est assez longue. Le sable est incroyable, il ressemble \u00e0 de la coriandre en grains. Je n&rsquo;avais jamais vu un sable comme celui-l\u00e0. La mer a rejet\u00e9 des algues vertes et aussi tous les d\u00e9chets plastiques&#8230; dommage.<\/p>\n<p style=\"text-align: justify;\"><a href=\"http:\/\/www.savoirecrire.fr\/petitcarnetdasie\/wp-content\/uploads\/2014\/10\/sable.jpg\"><img loading=\"lazy\" class=\"wp-image-737 size-full aligncenter\" src=\"http:\/\/www.savoirecrire.fr\/petitcarnetdasie\/wp-content\/uploads\/2014\/10\/sable.jpg\" alt=\"sable\" width=\"1024\" height=\"768\" srcset=\"http:\/\/www.savoirecrire.fr\/petitcarnetdasie\/wp-content\/uploads\/2014\/10\/sable.jpg 1024w, http:\/\/www.savoirecrire.fr\/petitcarnetdasie\/wp-content\/uploads\/2014\/10\/sable-300x225.jpg 300w\" sizes=\"(max-width: 1024px) 100vw, 1024px\" \/><\/a>Thierry et moi faisons la balade de bout en bout, et plus on s&rsquo;\u00e9loigne du camp des p\u00eacheurs, plus c&rsquo;est propre. Nous trouvons des bouts de bois flott\u00e9s tr\u00e8s chouettes. Comme nous sommes les deux seuls touristes sur la plage, nous sommes vite rep\u00e9r\u00e9s par une horde d&rsquo;enfants, des petits vendeurs de bracelets. C&rsquo;est difficile de faire plaisir \u00e0 tous les gamins. Une petite fille aux yeux tristes nous fend le coeur&#8230; un autre nous regarde l&rsquo;air malheureux&#8230; A\u00efe, a\u00efe, a\u00efe. Ils se bousculent et se disputent la meilleure place pour pouvoir pr\u00e9senter leur pr\u00e9sentoir en bois. Je choisis et essaie quelques petits bracelets&#8230; nous en achetons 5. C&rsquo;est pas mal pour un premier jour !<a href=\"http:\/\/www.savoirecrire.fr\/petitcarnetdasie\/wp-content\/uploads\/2014\/10\/les-enfants.jpg\">\u00a0<\/a><\/p>\n<p><a href=\"http:\/\/www.savoirecrire.fr\/petitcarnetdasie\/wp-content\/uploads\/2014\/10\/les-enfants.jpg\"><img loading=\"lazy\" class=\"aligncenter wp-image-741 size-full\" src=\"http:\/\/www.savoirecrire.fr\/petitcarnetdasie\/wp-content\/uploads\/2014\/10\/les-enfants.jpg\" alt=\"les enfants\" width=\"1024\" height=\"768\" srcset=\"http:\/\/www.savoirecrire.fr\/petitcarnetdasie\/wp-content\/uploads\/2014\/10\/les-enfants.jpg 1024w, http:\/\/www.savoirecrire.fr\/petitcarnetdasie\/wp-content\/uploads\/2014\/10\/les-enfants-300x225.jpg 300w\" sizes=\"(max-width: 1024px) 100vw, 1024px\" \/><\/a><\/p>\n<p><img loading=\"lazy\" class=\"aligncenter wp-image-738 size-full\" src=\"http:\/\/www.savoirecrire.fr\/petitcarnetdasie\/wp-content\/uploads\/2014\/10\/sourire.jpg\" alt=\"sourire\" width=\"1024\" height=\"768\" srcset=\"http:\/\/www.savoirecrire.fr\/petitcarnetdasie\/wp-content\/uploads\/2014\/10\/sourire.jpg 1024w, http:\/\/www.savoirecrire.fr\/petitcarnetdasie\/wp-content\/uploads\/2014\/10\/sourire-300x225.jpg 300w\" sizes=\"(max-width: 1024px) 100vw, 1024px\" \/><\/p>\n<p style=\"text-align: justify;\">Le lendemain, nous r\u00e9servons un taxi \u00e0 l&rsquo;h\u00f4tel pour aller passer plusieurs heures \u00e0 la plage de TANJUN AANN. Elle se trouve \u00e0 15 minutes \u00e0 l&rsquo;est du village. Les derniers kilom\u00e8tres sont cahotiques, mais \u00e7a en vaut vraiment la peine.<\/p>\n<p style=\"text-align: justify;\"><a href=\"http:\/\/www.savoirecrire.fr\/petitcarnetdasie\/wp-content\/uploads\/2014\/10\/plage-paradis.jpg\"><img loading=\"lazy\" class=\"aligncenter wp-image-735 size-full\" src=\"http:\/\/www.savoirecrire.fr\/petitcarnetdasie\/wp-content\/uploads\/2014\/10\/plage-paradis.jpg\" alt=\"plage paradis\" width=\"1024\" height=\"768\" srcset=\"http:\/\/www.savoirecrire.fr\/petitcarnetdasie\/wp-content\/uploads\/2014\/10\/plage-paradis.jpg 1024w, http:\/\/www.savoirecrire.fr\/petitcarnetdasie\/wp-content\/uploads\/2014\/10\/plage-paradis-300x225.jpg 300w\" sizes=\"(max-width: 1024px) 100vw, 1024px\" \/><\/a> <a href=\"http:\/\/www.savoirecrire.fr\/petitcarnetdasie\/wp-content\/uploads\/2014\/10\/plage-paradisaique.jpg\"><img loading=\"lazy\" class=\"aligncenter wp-image-736 size-full\" src=\"http:\/\/www.savoirecrire.fr\/petitcarnetdasie\/wp-content\/uploads\/2014\/10\/plage-paradisaique.jpg\" alt=\"plage paradisaique\" width=\"1024\" height=\"768\" srcset=\"http:\/\/www.savoirecrire.fr\/petitcarnetdasie\/wp-content\/uploads\/2014\/10\/plage-paradisaique.jpg 1024w, http:\/\/www.savoirecrire.fr\/petitcarnetdasie\/wp-content\/uploads\/2014\/10\/plage-paradisaique-300x225.jpg 300w\" sizes=\"(max-width: 1024px) 100vw, 1024px\" \/><img loading=\"lazy\" class=\"aligncenter wp-image-739 size-full\" src=\"http:\/\/www.savoirecrire.fr\/petitcarnetdasie\/wp-content\/uploads\/2014\/10\/Theo-et-moi.jpg\" alt=\"Theo et moi\" width=\"576\" height=\"768\" srcset=\"http:\/\/www.savoirecrire.fr\/petitcarnetdasie\/wp-content\/uploads\/2014\/10\/Theo-et-moi.jpg 576w, http:\/\/www.savoirecrire.fr\/petitcarnetdasie\/wp-content\/uploads\/2014\/10\/Theo-et-moi-225x300.jpg 225w\" sizes=\"(max-width: 576px) 100vw, 576px\" \/><\/a><\/p>\n<p style=\"text-align: justify;\">Quelques touristes sont allong\u00e9s sur leur lit en bambou. Tout le monde s&rsquo;ignore au milieu de ce petit paradis. Pff ! N&rsquo;importe quoi.<\/p>\n<p style=\"text-align: justify;\">Apr\u00e8s la baignade, plusieurs vendeurs passent nous voir&#8230; On discute et on rit avec eux. Le temps s&rsquo;arr\u00eate. Je voudrais que tous les touristes partent et nous laissent seuls. Non mais de quel droit ? Je peux toujours r\u00eaver.<\/p>\n<p style=\"text-align: justify;\">J&rsquo;ach\u00e8te une noix de coco \u00e0 un vieux monsieur qui me rappelle mon grand-p\u00e8re maternel. Troubl\u00e9e\u00a0par son beau visage cuit et tr\u00e8s rid\u00e9, j&rsquo;aimerais le photographier, mais j&rsquo;ai honte rien que d&rsquo;y penser. Il y aurait quelque chose d&rsquo;ind\u00e9cent \u00e0 le faire&#8230; je me contente de le photographier avec mes yeux ! Clic ! La photo est enregistr\u00e9e dans ma m\u00e9moire.<\/p>\n<p style=\"text-align: justify;\"><img loading=\"lazy\" class=\"aligncenter wp-image-740 size-full\" src=\"http:\/\/www.savoirecrire.fr\/petitcarnetdasie\/wp-content\/uploads\/2014\/10\/thierry-coco.jpg\" alt=\"thierry coco\" width=\"576\" height=\"768\" srcset=\"http:\/\/www.savoirecrire.fr\/petitcarnetdasie\/wp-content\/uploads\/2014\/10\/thierry-coco.jpg 576w, http:\/\/www.savoirecrire.fr\/petitcarnetdasie\/wp-content\/uploads\/2014\/10\/thierry-coco-225x300.jpg 225w\" sizes=\"(max-width: 576px) 100vw, 576px\" \/><\/p>\n<p style=\"text-align: justify;\">Puis passe un vendeur d&rsquo;ananas. On lui en ach\u00e8te un qu&rsquo;il d\u00e9coupe avec une dext\u00e9rit\u00e9 incroyable. Il sculpte le fruit en le vrillant. Je suis en admiration et lui demande s&rsquo;il peut m&rsquo;apprendre. Il accepte avec le sourire et se laisse filmer et photographier. Nous savourons l&rsquo;ananas, c&rsquo;est le meilleur de ma vie ! Il est \u00e0 peine parti qu&rsquo;on le rappelle : \u00ab\u00a0One more, please !\u00a0\u00bb Son petit gar\u00e7on est \u00e0 ses c\u00f4t\u00e9s. Il est timide et se cache derri\u00e8re son p\u00e8re. Il nous jette quelques regards mi-apeur\u00e9s, mi-curieux.<\/p>\n<p style=\"text-align: justify;\"><a href=\"http:\/\/www.savoirecrire.fr\/petitcarnetdasie\/wp-content\/uploads\/2014\/10\/DSCN3441.jpg\"><img loading=\"lazy\" class=\"aligncenter wp-image-744 size-full\" src=\"http:\/\/www.savoirecrire.fr\/petitcarnetdasie\/wp-content\/uploads\/2014\/10\/DSCN3441.jpg\" alt=\"DSCN3441\" width=\"576\" height=\"768\" srcset=\"http:\/\/www.savoirecrire.fr\/petitcarnetdasie\/wp-content\/uploads\/2014\/10\/DSCN3441.jpg 576w, http:\/\/www.savoirecrire.fr\/petitcarnetdasie\/wp-content\/uploads\/2014\/10\/DSCN3441-225x300.jpg 225w\" sizes=\"(max-width: 576px) 100vw, 576px\" \/><\/a><\/p>\n<p style=\"text-align: justify;\"><img loading=\"lazy\" class=\"aligncenter wp-image-746 size-full\" src=\"http:\/\/www.savoirecrire.fr\/petitcarnetdasie\/wp-content\/uploads\/2014\/10\/IMG_0263.jpg\" alt=\"IMG_0263\" width=\"1024\" height=\"768\" srcset=\"http:\/\/www.savoirecrire.fr\/petitcarnetdasie\/wp-content\/uploads\/2014\/10\/IMG_0263.jpg 1024w, http:\/\/www.savoirecrire.fr\/petitcarnetdasie\/wp-content\/uploads\/2014\/10\/IMG_0263-300x225.jpg 300w\" sizes=\"(max-width: 1024px) 100vw, 1024px\" \/> \u00a0\u00a0<a href=\"http:\/\/www.savoirecrire.fr\/petitcarnetdasie\/wp-content\/uploads\/2014\/10\/IMG_0276.jpg\"><img loading=\"lazy\" class=\"aligncenter wp-image-747 size-full\" src=\"http:\/\/www.savoirecrire.fr\/petitcarnetdasie\/wp-content\/uploads\/2014\/10\/IMG_0276.jpg\" alt=\"IMG_0276\" width=\"1024\" height=\"768\" srcset=\"http:\/\/www.savoirecrire.fr\/petitcarnetdasie\/wp-content\/uploads\/2014\/10\/IMG_0276.jpg 1024w, http:\/\/www.savoirecrire.fr\/petitcarnetdasie\/wp-content\/uploads\/2014\/10\/IMG_0276-300x225.jpg 300w\" sizes=\"(max-width: 1024px) 100vw, 1024px\" \/><\/a>Nous discuterons aussi avec un vendeur de tee-shirts. Il nous explique que la saison n&rsquo;\u00e9tant pas touristique, contrairement \u00e0 l&rsquo;\u00e9t\u00e9, c&rsquo;est dur pour les locaux de joindre les deux bouts. Ce que nous comprenons. Thierry regarde sa pile de tee-shirts, en essaie un, puis un autre, et finit par lui en acheter un.<\/p>\n<p style=\"text-align: justify;\"><img loading=\"lazy\" class=\"aligncenter wp-image-745 size-full\" src=\"http:\/\/www.savoirecrire.fr\/petitcarnetdasie\/wp-content\/uploads\/2014\/10\/IMG_0251.jpg\" alt=\"IMG_0251\" width=\"1024\" height=\"768\" srcset=\"http:\/\/www.savoirecrire.fr\/petitcarnetdasie\/wp-content\/uploads\/2014\/10\/IMG_0251.jpg 1024w, http:\/\/www.savoirecrire.fr\/petitcarnetdasie\/wp-content\/uploads\/2014\/10\/IMG_0251-300x225.jpg 300w\" sizes=\"(max-width: 1024px) 100vw, 1024px\" \/><\/p>\n<p style=\"text-align: justify;\">C&rsquo;\u00e9tait probablement la journ\u00e9e la plus belle du s\u00e9jour. L&rsquo;eau \u00e9tait turquoise, comme dans mes r\u00eaves. Le sable \u00e9tait blanc, comme dans mes r\u00eaves. Sur le chemin du\u00a0retour, dans la voiture, je regarde par la vitre&#8230; et je vois la vie pr\u00e8s de cette plage paradisiaque. Une femme porte un \u00e9norme panier de l\u00e9gumes verts sur la t\u00eate, un troupeau de vaches nous barrent le chemin&#8230; Des enfants jouent et tendent une bassine dans lequel le chauffeur jette \u00ab\u00a0une pi\u00e8ce\u00a0\u00bb ? \u00e0 moins que ce ne soit \u00ab\u00a0un bonbon\u00a0\u00bb ? Je n&rsquo;ose pas lui demander.<\/p>\n<p style=\"text-align: justify;\"><a href=\"http:\/\/www.savoirecrire.fr\/petitcarnetdasie\/wp-content\/uploads\/2014\/10\/mes-amours.png\"><img loading=\"lazy\" class=\"aligncenter wp-image-734 size-large\" src=\"http:\/\/www.savoirecrire.fr\/petitcarnetdasie\/wp-content\/uploads\/2014\/10\/mes-amours-1024x815.png\" alt=\"mes amours\" width=\"580\" height=\"461\" srcset=\"http:\/\/www.savoirecrire.fr\/petitcarnetdasie\/wp-content\/uploads\/2014\/10\/mes-amours-1024x815.png 1024w, http:\/\/www.savoirecrire.fr\/petitcarnetdasie\/wp-content\/uploads\/2014\/10\/mes-amours-300x239.png 300w, http:\/\/www.savoirecrire.fr\/petitcarnetdasie\/wp-content\/uploads\/2014\/10\/mes-amours.png 1092w\" sizes=\"(max-width: 580px) 100vw, 580px\" \/><\/a><\/p>\n","protected":false},"excerpt":{"rendered":"<p>Nous d\u00e9jeunons \u00e0 l\u2019a\u00e9roport de KL, avant d&#8217;embarquer\u00a0pour Mataram. C\u2019est un vol Air Asia. A l\u2019int\u00e9rieur de l\u2019avion, \u00e7a sent fort le cuir, un peu comme le souk de Marrakech. Je pense que le rev\u00eatement des si\u00e8ges ne supporte pas avec la chaleur humide. Nos places sont situ\u00e9es un peu \u00e0 l\u2019arri\u00e8re des ailes. Je <span class=\"ellipsis\">&hellip;<\/span> <span class=\"more-link-wrap\"><a href=\"http:\/\/www.savoirecrire.fr\/petitcarnetdasie\/?page_id=701\" class=\"more-link\"><span>Read More &rarr;<\/span><\/a><\/span><\/p>\n","protected":false},"author":1,"featured_media":0,"parent":0,"menu_order":0,"comment_status":"open","ping_status":"open","template":"","meta":[],"_links":{"self":[{"href":"http:\/\/www.savoirecrire.fr\/petitcarnetdasie\/index.php?rest_route=\/wp\/v2\/pages\/701"}],"collection":[{"href":"http:\/\/www.savoirecrire.fr\/petitcarnetdasie\/index.php?rest_route=\/wp\/v2\/pages"}],"about":[{"href":"http:\/\/www.savoirecrire.fr\/petitcarnetdasie\/index.php?rest_route=\/wp\/v2\/types\/page"}],"author":[{"embeddable":true,"href":"http:\/\/www.savoirecrire.fr\/petitcarnetdasie\/index.php?rest_route=\/wp\/v2\/users\/1"}],"replies":[{"embeddable":true,"href":"http:\/\/www.savoirecrire.fr\/petitcarnetdasie\/index.php?rest_route=%2Fwp%2Fv2%2Fcomments&post=701"}],"version-history":[{"count":25,"href":"http:\/\/www.savoirecrire.fr\/petitcarnetdasie\/index.php?rest_route=\/wp\/v2\/pages\/701\/revisions"}],"predecessor-version":[{"id":1391,"href":"http:\/\/www.savoirecrire.fr\/petitcarnetdasie\/index.php?rest_route=\/wp\/v2\/pages\/701\/revisions\/1391"}],"wp:attachment":[{"href":"http:\/\/www.savoirecrire.fr\/petitcarnetdasie\/index.php?rest_route=%2Fwp%2Fv2%2Fmedia&parent=701"}],"curies":[{"name":"wp","href":"https:\/\/api.w.org\/{rel}","templated":true}]}}