{"id":5275,"date":"2015-02-13T01:23:30","date_gmt":"2015-02-12T17:23:30","guid":{"rendered":"http:\/\/www.savoirecrire.fr\/petitcarnetdasie\/?page_id=5275"},"modified":"2015-02-15T16:55:02","modified_gmt":"2015-02-15T08:55:02","slug":"au-revoir-mandalay-bonjour-bagan","status":"publish","type":"page","link":"http:\/\/www.savoirecrire.fr\/petitcarnetdasie\/?page_id=5275","title":{"rendered":"Au revoir Mandalay, bonjour Bagan"},"content":{"rendered":"<p style=\"text-align: justify;\">Apr\u00e8s une semaine de visites magnifiques, nous quittons l&rsquo;h\u00f4tel <a href=\"http:\/\/www.booking.com\/hotel\/mm\/my-world.fr.html\">My World<\/a> le 05 f\u00e9vrier au matin.\u00a0Avant de monter en voiture, nous prenons la photo souvenir avec l&rsquo;\u00e9quipe de charme que forment les\u00a0deux r\u00e9ceptionnistes qui ont \u00e9t\u00e9 si adorables avec nous pendant tout notre s\u00e9jour. Emily, qui se trouve \u00e0 gauche sur la photo, nous a trouv\u00e9 un chauffeur\u00a0de taxi priv\u00e9 sachant parler anglais pour 12000 Kyats. Au\u00a0Myanmar, les taxis priv\u00e9s pour les longues distances sont horriblement cher et nous savons que ce n&rsquo;est pas \u00e0 Bagan que nous allons faire des \u00e9conomies. L&rsquo;h\u00f4tellerie y est hors de prix&#8230;<\/p>\n<p style=\"text-align: justify;\"><a href=\"http:\/\/www.savoirecrire.fr\/petitcarnetdasie\/wp-content\/uploads\/2015\/02\/IMG_2696.jpg\"><img loading=\"lazy\" class=\"size-full wp-image-5303 aligncenter\" src=\"http:\/\/www.savoirecrire.fr\/petitcarnetdasie\/wp-content\/uploads\/2015\/02\/IMG_2696.jpg\" alt=\"IMG_2696\" width=\"1024\" height=\"768\" srcset=\"http:\/\/www.savoirecrire.fr\/petitcarnetdasie\/wp-content\/uploads\/2015\/02\/IMG_2696.jpg 1024w, http:\/\/www.savoirecrire.fr\/petitcarnetdasie\/wp-content\/uploads\/2015\/02\/IMG_2696-300x225.jpg 300w\" sizes=\"(max-width: 1024px) 100vw, 1024px\" \/><\/a>Si nous n&rsquo;avions qu&rsquo;un sac \u00e0 dos, nous aurions probablement pris le bus qui est une option bon march\u00e9. Mais nous avons des bagages \u00e9normes et du mat\u00e9riel informatique auquel nous devons faire attention. L&rsquo;avantage de prendre un taxi priv\u00e9, c&rsquo;est qu&rsquo;il nous peut nous arr\u00eater \u00e0 la demande, pour prendre une photo ou un d\u00e9jeuner quelque part&#8230; Et puis, nous adorons communiquer\u00a0avec les chauffeurs locaux qui nous parlent volontiers de leurs traditions ou leur religion. Cela nous permet de mieux comprendre certaines choses qui ne sont pas toujours \u00e9crites dans les guides.<\/p>\n<p style=\"text-align: justify;\"><a href=\"http:\/\/www.savoirecrire.fr\/petitcarnetdasie\/wp-content\/uploads\/2015\/02\/Capture4.png\"><img loading=\"lazy\" class=\"size-full wp-image-5308 aligncenter\" src=\"http:\/\/www.savoirecrire.fr\/petitcarnetdasie\/wp-content\/uploads\/2015\/02\/Capture4.png\" alt=\"Capture\" width=\"586\" height=\"547\" srcset=\"http:\/\/www.savoirecrire.fr\/petitcarnetdasie\/wp-content\/uploads\/2015\/02\/Capture4.png 586w, http:\/\/www.savoirecrire.fr\/petitcarnetdasie\/wp-content\/uploads\/2015\/02\/Capture4-300x280.png 300w\" sizes=\"(max-width: 586px) 100vw, 586px\" \/><\/a>Dans le taxi, j&rsquo;en profite pour faire quelques selfies avant de me laisser captiver par les paysages.\u00a0<a href=\"http:\/\/www.savoirecrire.fr\/petitcarnetdasie\/wp-content\/uploads\/2015\/02\/DSCN7536.jpg\"><img loading=\"lazy\" class=\"size-full wp-image-5310 aligncenter\" src=\"http:\/\/www.savoirecrire.fr\/petitcarnetdasie\/wp-content\/uploads\/2015\/02\/DSCN7536.jpg\" alt=\"DSCN7536\" width=\"1024\" height=\"768\" srcset=\"http:\/\/www.savoirecrire.fr\/petitcarnetdasie\/wp-content\/uploads\/2015\/02\/DSCN7536.jpg 1024w, http:\/\/www.savoirecrire.fr\/petitcarnetdasie\/wp-content\/uploads\/2015\/02\/DSCN7536-300x225.jpg 300w\" sizes=\"(max-width: 1024px) 100vw, 1024px\" \/><\/a> <a href=\"http:\/\/www.savoirecrire.fr\/petitcarnetdasie\/wp-content\/uploads\/2015\/02\/DSCN7537.jpg\"><img loading=\"lazy\" class=\"size-full wp-image-5311 aligncenter\" src=\"http:\/\/www.savoirecrire.fr\/petitcarnetdasie\/wp-content\/uploads\/2015\/02\/DSCN7537.jpg\" alt=\"DSCN7537\" width=\"1024\" height=\"768\" srcset=\"http:\/\/www.savoirecrire.fr\/petitcarnetdasie\/wp-content\/uploads\/2015\/02\/DSCN7537.jpg 1024w, http:\/\/www.savoirecrire.fr\/petitcarnetdasie\/wp-content\/uploads\/2015\/02\/DSCN7537-300x225.jpg 300w\" sizes=\"(max-width: 1024px) 100vw, 1024px\" \/><\/a> <a href=\"http:\/\/www.savoirecrire.fr\/petitcarnetdasie\/wp-content\/uploads\/2015\/02\/DSCN7538.jpg\"><img loading=\"lazy\" class=\"size-full wp-image-5312 aligncenter\" src=\"http:\/\/www.savoirecrire.fr\/petitcarnetdasie\/wp-content\/uploads\/2015\/02\/DSCN7538.jpg\" alt=\"DSCN7538\" width=\"1024\" height=\"768\" srcset=\"http:\/\/www.savoirecrire.fr\/petitcarnetdasie\/wp-content\/uploads\/2015\/02\/DSCN7538.jpg 1024w, http:\/\/www.savoirecrire.fr\/petitcarnetdasie\/wp-content\/uploads\/2015\/02\/DSCN7538-300x225.jpg 300w\" sizes=\"(max-width: 1024px) 100vw, 1024px\" \/><\/a>Au fur et \u00e0 mesure que les kilom\u00e8tres d\u00e9filent, nous d\u00e9couvrons le Myanmar central, de longues plaines s\u00e8ches et arides. C&rsquo;est une v\u00e9ritable surprise, j&rsquo;imaginais le pays vert et fertile. Thierry me dit tr\u00e8s justement que les paysages lui font penser au Sahel. De grandes \u00e9tendues de terres sablonneuses s&rsquo;\u00e9tendent le long de la route, c&rsquo;est quasi d\u00e9sertique.\u00a0 <a href=\"http:\/\/www.savoirecrire.fr\/petitcarnetdasie\/wp-content\/uploads\/2015\/02\/DSCN7555.jpg\"><img loading=\"lazy\" class=\"size-full wp-image-5325 aligncenter\" src=\"http:\/\/www.savoirecrire.fr\/petitcarnetdasie\/wp-content\/uploads\/2015\/02\/DSCN7555.jpg\" alt=\"DSCN7555\" width=\"1024\" height=\"768\" srcset=\"http:\/\/www.savoirecrire.fr\/petitcarnetdasie\/wp-content\/uploads\/2015\/02\/DSCN7555.jpg 1024w, http:\/\/www.savoirecrire.fr\/petitcarnetdasie\/wp-content\/uploads\/2015\/02\/DSCN7555-300x225.jpg 300w\" sizes=\"(max-width: 1024px) 100vw, 1024px\" \/><\/a> <a href=\"http:\/\/www.savoirecrire.fr\/petitcarnetdasie\/wp-content\/uploads\/2015\/02\/DSCN7560.jpg\"><img loading=\"lazy\" class=\"size-full wp-image-5328 aligncenter\" src=\"http:\/\/www.savoirecrire.fr\/petitcarnetdasie\/wp-content\/uploads\/2015\/02\/DSCN7560.jpg\" alt=\"DSCN7560\" width=\"1024\" height=\"768\" srcset=\"http:\/\/www.savoirecrire.fr\/petitcarnetdasie\/wp-content\/uploads\/2015\/02\/DSCN7560.jpg 1024w, http:\/\/www.savoirecrire.fr\/petitcarnetdasie\/wp-content\/uploads\/2015\/02\/DSCN7560-300x225.jpg 300w\" sizes=\"(max-width: 1024px) 100vw, 1024px\" \/><\/a> <a href=\"http:\/\/www.savoirecrire.fr\/petitcarnetdasie\/wp-content\/uploads\/2015\/02\/DSCN7564.jpg\"><img loading=\"lazy\" class=\"size-full wp-image-5330 aligncenter\" src=\"http:\/\/www.savoirecrire.fr\/petitcarnetdasie\/wp-content\/uploads\/2015\/02\/DSCN7564.jpg\" alt=\"DSCN7564\" width=\"1024\" height=\"768\" srcset=\"http:\/\/www.savoirecrire.fr\/petitcarnetdasie\/wp-content\/uploads\/2015\/02\/DSCN7564.jpg 1024w, http:\/\/www.savoirecrire.fr\/petitcarnetdasie\/wp-content\/uploads\/2015\/02\/DSCN7564-300x225.jpg 300w\" sizes=\"(max-width: 1024px) 100vw, 1024px\" \/><\/a>Au bout de deux heures de route, nous convenons avec le taxi d&rsquo;aller boire un verre et aussi de nous d\u00e9gourdir les jambes. Il s&rsquo;arr\u00eate devant un immense hangar ouvert o\u00f9 des hommes sont assis dans des fauteuils bas en plastique de couleur : c&rsquo;est un \u00ab\u00a0coffee shop\u00a0\u00bb traditionnel\u00a0o\u00f9 le th\u00e9 est gratuit pour tout le monde. (J&rsquo;adore l&rsquo;id\u00e9e.) Un thermos est \u00e0 la disposition du client\u00a0sur chaque table. Bien entendu, il est possible d&rsquo;y boire autre chose que du th\u00e9 et m\u00eame d&rsquo;y prendre une collation. Thierry et Th\u00e9ophile ont d&rsquo;ailleurs un petit creux. Mais le serveur est un peu loin pour entendre leur demande. Notre gentil taximan a alors une super technique pour l&rsquo;appeler. Il fait un bisou dans l&rsquo;air. C&rsquo;est un peu surprenant, mais c&rsquo;est ainsi qu&rsquo;on appelle pour passer commande. Th\u00e9ophile tr\u00e8s intrigu\u00e9 n&rsquo;en revient pas. Nous en apprenons vraiment tous les jours, reste \u00e0 savoir si, moi, en tant que femme, je peux envoyer des bisous \u00ab\u00a0dans le vent\u00a0\u00bb sans que ce soit per\u00e7u comme d\u00e9plac\u00e9. Une chose est s\u00fbre, c&rsquo;est que cela ne se fait pas dans les restaurants. Nous passons commande au serveur qui est maintenant devant nous&#8230; Ce sera beignets et th\u00e9 au lait pour les gar\u00e7ons, th\u00e9 nature pour moi.\u00a0<a href=\"http:\/\/www.savoirecrire.fr\/petitcarnetdasie\/wp-content\/uploads\/2015\/02\/IMG_2698.jpg\"><img loading=\"lazy\" class=\"size-full wp-image-5336 aligncenter\" src=\"http:\/\/www.savoirecrire.fr\/petitcarnetdasie\/wp-content\/uploads\/2015\/02\/IMG_2698.jpg\" alt=\"IMG_2698\" width=\"1024\" height=\"768\" srcset=\"http:\/\/www.savoirecrire.fr\/petitcarnetdasie\/wp-content\/uploads\/2015\/02\/IMG_2698.jpg 1024w, http:\/\/www.savoirecrire.fr\/petitcarnetdasie\/wp-content\/uploads\/2015\/02\/IMG_2698-300x225.jpg 300w\" sizes=\"(max-width: 1024px) 100vw, 1024px\" \/><\/a>Les derniers kilom\u00e8tres nous paraissent plus faciles. Le d\u00e9cor a chang\u00e9, les sols secs ont fait place aux terres un peu plus fertiles.<\/p>\n<p style=\"text-align: justify;\"><a href=\"http:\/\/www.savoirecrire.fr\/petitcarnetdasie\/wp-content\/uploads\/2015\/02\/DSCN7566.jpg\"><img loading=\"lazy\" class=\"size-full wp-image-5332 aligncenter\" src=\"http:\/\/www.savoirecrire.fr\/petitcarnetdasie\/wp-content\/uploads\/2015\/02\/DSCN7566.jpg\" alt=\"DSCN7566\" width=\"1024\" height=\"768\" srcset=\"http:\/\/www.savoirecrire.fr\/petitcarnetdasie\/wp-content\/uploads\/2015\/02\/DSCN7566.jpg 1024w, http:\/\/www.savoirecrire.fr\/petitcarnetdasie\/wp-content\/uploads\/2015\/02\/DSCN7566-300x225.jpg 300w\" sizes=\"(max-width: 1024px) 100vw, 1024px\" \/><\/a>Le taxi s&rsquo;arr\u00eate devant une gu\u00e9rite. Le droit d&rsquo;entr\u00e9e \u00e0 Bagan est de 10 dollars par personne, valable 5 jours. Puis nous d\u00e9couvrons les premi\u00e8res pagodes en briques rouges, visibles de la route&#8230; Waouh !\u00a0Nous voil\u00e0 donc sur le site arch\u00e9ologique de Bagan que les voyageurs \u00e9l\u00e8vent au top du top&#8230; Une autre merveille du monde ?<\/p>\n","protected":false},"excerpt":{"rendered":"<p>Apr\u00e8s une semaine de visites magnifiques, nous quittons l&rsquo;h\u00f4tel My World le 05 f\u00e9vrier au matin.\u00a0Avant de monter en voiture, nous prenons la photo souvenir avec l&rsquo;\u00e9quipe de charme que forment les\u00a0deux r\u00e9ceptionnistes qui ont \u00e9t\u00e9 si adorables avec nous pendant tout notre s\u00e9jour. Emily, qui se trouve \u00e0 gauche sur la photo, nous a <span class=\"ellipsis\">&hellip;<\/span> <span class=\"more-link-wrap\"><a href=\"http:\/\/www.savoirecrire.fr\/petitcarnetdasie\/?page_id=5275\" class=\"more-link\"><span>Read More &rarr;<\/span><\/a><\/span><\/p>\n","protected":false},"author":1,"featured_media":0,"parent":0,"menu_order":0,"comment_status":"open","ping_status":"open","template":"","meta":[],"_links":{"self":[{"href":"http:\/\/www.savoirecrire.fr\/petitcarnetdasie\/index.php?rest_route=\/wp\/v2\/pages\/5275"}],"collection":[{"href":"http:\/\/www.savoirecrire.fr\/petitcarnetdasie\/index.php?rest_route=\/wp\/v2\/pages"}],"about":[{"href":"http:\/\/www.savoirecrire.fr\/petitcarnetdasie\/index.php?rest_route=\/wp\/v2\/types\/page"}],"author":[{"embeddable":true,"href":"http:\/\/www.savoirecrire.fr\/petitcarnetdasie\/index.php?rest_route=\/wp\/v2\/users\/1"}],"replies":[{"embeddable":true,"href":"http:\/\/www.savoirecrire.fr\/petitcarnetdasie\/index.php?rest_route=%2Fwp%2Fv2%2Fcomments&post=5275"}],"version-history":[{"count":17,"href":"http:\/\/www.savoirecrire.fr\/petitcarnetdasie\/index.php?rest_route=\/wp\/v2\/pages\/5275\/revisions"}],"predecessor-version":[{"id":5342,"href":"http:\/\/www.savoirecrire.fr\/petitcarnetdasie\/index.php?rest_route=\/wp\/v2\/pages\/5275\/revisions\/5342"}],"wp:attachment":[{"href":"http:\/\/www.savoirecrire.fr\/petitcarnetdasie\/index.php?rest_route=%2Fwp%2Fv2%2Fmedia&parent=5275"}],"curies":[{"name":"wp","href":"https:\/\/api.w.org\/{rel}","templated":true}]}}