{"id":3327,"date":"2015-01-02T20:42:33","date_gmt":"2015-01-02T12:42:33","guid":{"rendered":"http:\/\/www.savoirecrire.fr\/petitcarnetdasie\/?page_id=3327"},"modified":"2015-01-03T18:58:28","modified_gmt":"2015-01-03T10:58:28","slug":"au-revoir-siem-reap-rebonjour-kuala-lumpur","status":"publish","type":"page","link":"http:\/\/www.savoirecrire.fr\/petitcarnetdasie\/?page_id=3327","title":{"rendered":"Au revoir Siem Reap, rebonjour Kuala Lumpur"},"content":{"rendered":"<p style=\"text-align: justify;\">Nous sommes le 26 d\u00e9cembre 2014. Notre\u00a0avion est pr\u00e9vu \u00e0 15h, ce qui nous laisse largement le temps de ranger nos\u00a0derni\u00e8res affaires et de boucler les valises. Nous tra\u00eenons un peu des pieds, car aucun de nous trois n&rsquo;a tr\u00e8s envie de partir du Cambodge. (Et si je n&rsquo;\u00e9tais rest\u00e9e qu&rsquo;\u00e0 Phnom Penh, je crois que j&rsquo;aurais fait une vraie erreur de jugement sur ce pays.) Notre visa va expirer dans 3 jours, il nous faut donc quitter le territoire. J&rsquo;arrive la premi\u00e8re \u00e0 l&rsquo;accueil dans le hall de l&rsquo;h\u00f4tel, et j&rsquo;ai envie d&rsquo;\u00e9changer quelques mots avec le personnel qui a \u00e9t\u00e9 si aimable\u00a0avec nous. Th\u00e9ophile me rejoint quelques minutes apr\u00e8s et, \u00e0 ma grande satisfaction, prend naturellement part \u00e0 la discussion en anglais. Le r\u00e9ceptionniste (en chemise blanche sur la photo plus bas) s&rsquo;excuse de la coupure d&rsquo;\u00e9lectricit\u00e9 d&rsquo;hier soir. Nous lui faisons comprendre que, pour nous, une coupure d&rsquo;\u00e9lectricit\u00e9 de 30 minutes n&rsquo;est pas la fin du monde. Tout le monde sourit, on est bien ici tous ensemble. On pourrait presque parler d&rsquo;osmose, le courant passe (c&rsquo;est le cas de le dire). Dommage qu&rsquo;il faille partir aujourd&rsquo;hui, je sais qu&rsquo;il y a encore plein de belles choses \u00e0 voir. Nous reviendrons peut-\u00eatre voir le Lac Tonl\u00e9 Sap et les villages flottants. Pendant que mon esprit vagabonde, le r\u00e9ceptionniste se baisse derri\u00e8re son comptoir et pose devant nous\u00a0trois petites bo\u00eetes tress\u00e9es en bambou. Il nous dit en souriant que ce sont des\u00a0\u00ab\u00a0gifts\u00a0\u00bb (cadeaux). Th\u00e9ophile et moi sommes tr\u00e8s touch\u00e9s par ce geste, d&rsquo;autant plus qu&rsquo;il est\u00a0compl\u00e8tement inattendu. A l&rsquo;int\u00e9rieur des bo\u00eetes sont pli\u00e9s de jolis foulards color\u00e9s. Je sors le mien (rose fushia) et le porte tout de suite autour de mes \u00e9paules. Thierry arrive avec la derni\u00e8re valise, ce qui signifie que notre bungalow en bois est d\u00e9finitivement vide de notre passage. Une\u00a0porte se ferme, une page se tourne&#8230;\u00a0<a href=\"http:\/\/www.savoirecrire.fr\/petitcarnetdasie\/wp-content\/uploads\/2015\/01\/IMG_1033.jpg\"><img loading=\"lazy\" class=\"size-full wp-image-3336 aligncenter\" src=\"http:\/\/www.savoirecrire.fr\/petitcarnetdasie\/wp-content\/uploads\/2015\/01\/IMG_1033.jpg\" alt=\"IMG_1033\" width=\"1024\" height=\"768\" srcset=\"http:\/\/www.savoirecrire.fr\/petitcarnetdasie\/wp-content\/uploads\/2015\/01\/IMG_1033.jpg 1024w, http:\/\/www.savoirecrire.fr\/petitcarnetdasie\/wp-content\/uploads\/2015\/01\/IMG_1033-300x225.jpg 300w\" sizes=\"(max-width: 1024px) 100vw, 1024px\" \/><\/a><\/p>\n<p style=\"text-align: justify;\">Pour nous conduire \u00e0 l&rsquo;a\u00e9roport, deux tuk tuk sont n\u00e9cessaires : un pour les trois grandes valises et un autre pour nous trois. Sur la route, je regarde silencieusement le paysage\u00a0d\u00e9filer. C&rsquo;est une coutume chez moi. Ne pas parler et contempler. Je me rem\u00e9more des instants forts, comme l&rsquo;\u00e9pisode des villages travers\u00e9s en scooter, o\u00f9 des enfants, filles et gar\u00e7ons, s&rsquo;\u00e9chappaient en courant de leur maison pour nous saluer d&rsquo;un \u00ab hello\u00a0\u00bb joyeux et sinc\u00e8re&#8230; Ce \u00ab\u00a0hello\u00a0\u00bb qui fait \u00e9cho dans ma t\u00eate est l&rsquo;une des images les plus marquantes que je me fais du Cambodge.<a href=\"http:\/\/www.savoirecrire.fr\/petitcarnetdasie\/wp-content\/uploads\/2015\/01\/IMG_1050.jpg\"><br \/>\n<\/a> <a href=\"http:\/\/www.savoirecrire.fr\/petitcarnetdasie\/wp-content\/uploads\/2015\/01\/IMG_1051.jpg\"><img loading=\"lazy\" class=\"size-full wp-image-3344 aligncenter\" src=\"http:\/\/www.savoirecrire.fr\/petitcarnetdasie\/wp-content\/uploads\/2015\/01\/IMG_1051.jpg\" alt=\"IMG_1051\" width=\"1024\" height=\"768\" srcset=\"http:\/\/www.savoirecrire.fr\/petitcarnetdasie\/wp-content\/uploads\/2015\/01\/IMG_1051.jpg 1024w, http:\/\/www.savoirecrire.fr\/petitcarnetdasie\/wp-content\/uploads\/2015\/01\/IMG_1051-300x225.jpg 300w\" sizes=\"(max-width: 1024px) 100vw, 1024px\" \/><\/a>Devant l&rsquo;a\u00e9roport, nous prenons quelques photos\u00a0du r\u00e9ceptionniste qui nous a emmen\u00e9s en personne et de l&rsquo;autre chauffeur de tuk tuk que nous connaissons \u00e0 peine mais qui se pr\u00eate volontiers au jeu de la photo. Et puis chacun part de son c\u00f4t\u00e9. En franchissant la porte du Hall des d\u00e9parts, nous avons en t\u00eate de belles images de notre aventure de presque 4 semaines.\u00a0<img loading=\"lazy\" class=\"size-full wp-image-3338 aligncenter\" src=\"http:\/\/www.savoirecrire.fr\/petitcarnetdasie\/wp-content\/uploads\/2015\/01\/IMG_1044.jpg\" alt=\"IMG_1044\" width=\"1024\" height=\"768\" srcset=\"http:\/\/www.savoirecrire.fr\/petitcarnetdasie\/wp-content\/uploads\/2015\/01\/IMG_1044.jpg 1024w, http:\/\/www.savoirecrire.fr\/petitcarnetdasie\/wp-content\/uploads\/2015\/01\/IMG_1044-300x225.jpg 300w\" sizes=\"(max-width: 1024px) 100vw, 1024px\" \/>Dans quelques heures, nous serons \u00e0 Kuala Lumpur pour quelques jours. Notre ami, Erwin, actuellement \u00e0 Bangkok va prendre un vol demain matin\u00a0pour venir nous rejoindre \u00e0 notre h\u00f4tel. Nous sommes heureux de le retrouver&#8230; \u00e7a fait quand m\u00eame trois mois que nous sommes partis de Paris. Et comme un bonheur n&rsquo;arrive jamais seul, nous allons \u00e9galement revoir Laurent &#8211; et son ami Isaac que nous ne connaissons pas encore &#8211; qui vit \u00e0 Kuala Lumpur depuis quelques ann\u00e9es et que nous n&rsquo;avons pas vu depuis 14 ans ! En fait, quand il est parti en Asie, j&rsquo;\u00e9tais enceinte de Th\u00e9ophile.\u00a0<img loading=\"lazy\" class=\"size-full wp-image-3342 aligncenter\" src=\"http:\/\/www.savoirecrire.fr\/petitcarnetdasie\/wp-content\/uploads\/2015\/01\/IMG_1049.jpg\" alt=\"IMG_1049\" width=\"1024\" height=\"768\" srcset=\"http:\/\/www.savoirecrire.fr\/petitcarnetdasie\/wp-content\/uploads\/2015\/01\/IMG_1049.jpg 1024w, http:\/\/www.savoirecrire.fr\/petitcarnetdasie\/wp-content\/uploads\/2015\/01\/IMG_1049-300x225.jpg 300w\" sizes=\"(max-width: 1024px) 100vw, 1024px\" \/><\/p>\n<p style=\"text-align: justify;\"><img loading=\"lazy\" class=\"size-full wp-image-3346 aligncenter\" src=\"http:\/\/www.savoirecrire.fr\/petitcarnetdasie\/wp-content\/uploads\/2015\/01\/IMG_1053.jpg\" alt=\"IMG_1053\" width=\"1024\" height=\"768\" srcset=\"http:\/\/www.savoirecrire.fr\/petitcarnetdasie\/wp-content\/uploads\/2015\/01\/IMG_1053.jpg 1024w, http:\/\/www.savoirecrire.fr\/petitcarnetdasie\/wp-content\/uploads\/2015\/01\/IMG_1053-300x225.jpg 300w\" sizes=\"(max-width: 1024px) 100vw, 1024px\" \/><\/p>\n","protected":false},"excerpt":{"rendered":"<p>Nous sommes le 26 d\u00e9cembre 2014. Notre\u00a0avion est pr\u00e9vu \u00e0 15h, ce qui nous laisse largement le temps de ranger nos\u00a0derni\u00e8res affaires et de boucler les valises. Nous tra\u00eenons un peu des pieds, car aucun de nous trois n&rsquo;a tr\u00e8s envie de partir du Cambodge. (Et si je n&rsquo;\u00e9tais rest\u00e9e qu&rsquo;\u00e0 Phnom Penh, je crois <span class=\"ellipsis\">&hellip;<\/span> <span class=\"more-link-wrap\"><a href=\"http:\/\/www.savoirecrire.fr\/petitcarnetdasie\/?page_id=3327\" class=\"more-link\"><span>Read More &rarr;<\/span><\/a><\/span><\/p>\n","protected":false},"author":1,"featured_media":0,"parent":0,"menu_order":0,"comment_status":"open","ping_status":"open","template":"","meta":[],"_links":{"self":[{"href":"http:\/\/www.savoirecrire.fr\/petitcarnetdasie\/index.php?rest_route=\/wp\/v2\/pages\/3327"}],"collection":[{"href":"http:\/\/www.savoirecrire.fr\/petitcarnetdasie\/index.php?rest_route=\/wp\/v2\/pages"}],"about":[{"href":"http:\/\/www.savoirecrire.fr\/petitcarnetdasie\/index.php?rest_route=\/wp\/v2\/types\/page"}],"author":[{"embeddable":true,"href":"http:\/\/www.savoirecrire.fr\/petitcarnetdasie\/index.php?rest_route=\/wp\/v2\/users\/1"}],"replies":[{"embeddable":true,"href":"http:\/\/www.savoirecrire.fr\/petitcarnetdasie\/index.php?rest_route=%2Fwp%2Fv2%2Fcomments&post=3327"}],"version-history":[{"count":10,"href":"http:\/\/www.savoirecrire.fr\/petitcarnetdasie\/index.php?rest_route=\/wp\/v2\/pages\/3327\/revisions"}],"predecessor-version":[{"id":3353,"href":"http:\/\/www.savoirecrire.fr\/petitcarnetdasie\/index.php?rest_route=\/wp\/v2\/pages\/3327\/revisions\/3353"}],"wp:attachment":[{"href":"http:\/\/www.savoirecrire.fr\/petitcarnetdasie\/index.php?rest_route=%2Fwp%2Fv2%2Fmedia&parent=3327"}],"curies":[{"name":"wp","href":"https:\/\/api.w.org\/{rel}","templated":true}]}}